{"id":806,"date":"2017-07-27T10:07:57","date_gmt":"2017-07-27T09:07:57","guid":{"rendered":"http:\/\/www.guinea-ecuatorial.de\/?page_id=806"},"modified":"2021-10-15T02:38:31","modified_gmt":"2021-10-15T01:38:31","slug":"turismo","status":"publish","type":"page","link":"https:\/\/www.guinea-ecuatorial.de\/de\/turismo\/","title":{"rendered":"Tourismus"},"content":{"rendered":"<div class=\"twitter-share\"><a href=\"https:\/\/twitter.com\/intent\/tweet?via=GuineaAlemania\" class=\"twitter-share-button\" data-size=\"large\">Twittern<\/a><\/div>\n<p><\/p>\n<h2 id=\"gt-res-dir-ctr\" class=\"trans-verified-button-small\" dir=\"ltr\"><strong><span id=\"result_box\" lang=\"de\" tabindex=\"-1\">Besuche \u00c4quatorialguinea, eines der kleinsten aber zugleich <\/span><\/strong><strong><span id=\"result_box\" lang=\"de\" tabindex=\"-1\">gr\u00fcnes und <\/span><\/strong><strong><span id=\"result_box\" lang=\"de\" tabindex=\"-1\">sch\u00f6nsten Land Afrikas.<\/span><\/strong><\/h2>\n<p style=\"text-align: justify;\"><span lang=\"de\" tabindex=\"-1\"><span lang=\"de\" tabindex=\"-1\">\u00c4quatorialguinea besteht aus den Inseln Bioko, Annob\u00f3n, die kleinen Inseln Corrisco, Elobey und der Festland Region Rio Muni. <\/span><\/span><span id=\"result_box\" lang=\"de\" tabindex=\"-1\">Sowohl auf den Inseln als auf dem Festland bietet dieses Land abwechslungsreiche Landschaften, die <\/span><span id=\"result_box\" lang=\"de\" tabindex=\"-1\"><\/span><span lang=\"de\" tabindex=\"-1\">von malerischen Str\u00e4nden bis hin zu spektakul\u00e4ren Regenwald reichen. <\/span><span id=\"result_box\" lang=\"de\" tabindex=\"-1\">F\u00fcr diejenigen, die neue Erfahrungen genie\u00dfen, bietet \u00c4quatorialguinea ein authentisches Abenteuer f\u00fcr Reisenden.<\/span><\/p>\n<div id=\"gt-c\" class=\"g-section\">\n<div id=\"gt-form-c\">\n<form id=\"gt-form\" action=\"\/\" enctype=\"application\/x-www-form-urlencoded\" method=\"post\" name=\"text_form\">\n<div id=\"gt-text-all\">\n<div id=\"gt-main\">\n<div id=\"gt-text-c\">\n<div id=\"gt-text-top\">\n<div id=\"gt-res-c\" class=\"g-unit\">\n<div id=\"gt-res-p\">\n<div id=\"gt-res-data\">\n<div id=\"gt-res-wrap\">\n<div id=\"gt-res-content\">\n<div id=\"gt-res-dir-ctr\" class=\"trans-verified-button-small\" dir=\"ltr\" style=\"text-align: justify;\"><span id=\"result_box\" lang=\"de\" tabindex=\"-1\">Auf der Insel Bioko, sind <\/span><span id=\"result_box\" lang=\"de\" tabindex=\"-1\">Vulkanlandschaften <\/span><span id=\"result_box\" lang=\"de\" tabindex=\"-1\">ber\u00fchmt, tropische durch zahlreiche bedrohte Primaten bewohnen W\u00e4lder und verschiedene Arten von Str\u00e4nden, an denen Meeresschildkr\u00f6ten ihre Eier zu bestimmten Zeiten des Jahres legen.<\/span><\/div>\n<div dir=\"ltr\"><\/div>\n<\/div>\n<\/div>\n<div dir=\"ltr\">\n<div id=\"gt-c\" class=\"g-section\">\n<div id=\"gt-form-c\">\n<div id=\"gt-text-all\">\n<div id=\"gt-main\">\n<div id=\"gt-text-c\">\n<div id=\"gt-text-top\">\n<div id=\"gt-res-c\" class=\"g-unit\">\n<div id=\"gt-res-p\">\n<div id=\"gt-res-data\">\n<div id=\"gt-res-wrap\">\n<div id=\"gt-res-content\">\n<div id=\"gt-res-dir-ctr\" class=\"trans-verified-button-small\" dir=\"ltr\" style=\"text-align: justify;\"><span id=\"result_box\" lang=\"de\" tabindex=\"-1\">Auch auf dieser Insel ist die Hauptstadt: Malabo. Diese moderne Stadt hat sich den Charme der kolonialen Vergangenheit beibehalten und in ihm k\u00f6nnen Sie zahlreiche historische Geb\u00e4ude, unter denen der Volkspalast, die Kathedrale, das Rathaus und das neue Nationalpark Malabo bewundern.<\/span><\/div>\n<div dir=\"ltr\"><\/div>\n<\/div>\n<\/div>\n<\/div>\n<\/div>\n<\/div>\n<\/div>\n<\/div>\n<\/div>\n<\/div>\n<\/div>\n<\/div>\n<\/div>\n<\/div>\n<\/div>\n<\/div>\n<\/div>\n<\/div>\n<\/div>\n<\/div>\n<\/form>\n<\/div>\n<\/div>\n<div id=\"gt-res-c\" class=\"g-unit\">\n<div id=\"gt-res-p\">\n<div id=\"gt-res-data\">\n<div id=\"gt-res-wrap\">\n<div id=\"gt-res-content\">\n<div id=\"gt-c\" class=\"g-section\">\n<div id=\"gt-form-c\">\n<form id=\"gt-form\" action=\"\/\" enctype=\"application\/x-www-form-urlencoded\" method=\"post\" name=\"text_form\">\n<div id=\"gt-text-all\">\n<div id=\"gt-main\">\n<div id=\"gt-text-c\">\n<div id=\"gt-text-top\">\n<div id=\"gt-res-c\" class=\"g-unit\">\n<div id=\"gt-res-p\">\n<div id=\"gt-res-data\">\n<div id=\"gt-res-wrap\">\n<div id=\"gt-res-content\">\n<div id=\"gt-res-dir-ctr\" class=\"trans-verified-button-small\" dir=\"ltr\" style=\"text-align: justify;\"><span id=\"result_box\" lang=\"de\" tabindex=\"-1\">Auf dem Festland ist Bata eine angenehme und charmante Kolonialstadt, die zahlreichen Attraktionen f\u00fcr Touristen bietet: traditionelle M\u00e4rkte, Restaurants, Bars und Hotels von hoher Qualit\u00e4t. Auch auf dem Kontinent, k\u00f6nnen wir nicht die Monte Alen Nationalpark vergessen: ein verborgener Schatz. Ihr Schutzgebiet umfasst rund 1.400 Quadratkilometer. Monte Alen ist ein idealer Ort, um den Regenwald und Tierwelt von Rio Muni und auch Pilger Touristen k\u00f6nnen auch eine Wallfahrt zur Basilika von Mongomo <\/span><span id=\"result_box\" lang=\"de\" tabindex=\"-1\">erkunden<\/span><span id=\"result_box\" lang=\"de\" tabindex=\"-1\">, einer der gr\u00f6\u00dften in der Welt.<\/span><\/div>\n<\/div>\n<div dir=\"ltr\"><\/div>\n<div id=\"gt-res-content\">\n<div dir=\"ltr\">\n<div id=\"gt-c\" class=\"g-section\">\n<div id=\"gt-form-c\">\n<div id=\"gt-text-all\">\n<div id=\"gt-main\">\n<div id=\"gt-text-c\">\n<div id=\"gt-text-top\">\n<div id=\"gt-res-c\" class=\"g-unit\">\n<div id=\"gt-res-p\">\n<div id=\"gt-res-data\">\n<div id=\"gt-res-wrap\">\n<div id=\"gt-res-content\">\n<div id=\"gt-res-dir-ctr\" class=\"trans-verified-button-small\" dir=\"ltr\" style=\"text-align: justify;\"><span id=\"result_box\" lang=\"de\" tabindex=\"-1\">Es bietet auch eine gro\u00dfe touristische Attraktion, der Besuch der Stadt Ebibeyin, das auf seine Tradition als Handelsstadt stolz ist, wo der Grenzmarkt Kie-osi, mit der Schwesterrepublik Kamerun, nicht aufh\u00f6rt zu \u00fcberraschen, sowohl Einheimische als auch Fremde, jeden Tag im Jahr.<\/span><\/div>\n<\/div>\n<\/div>\n<\/div>\n<\/div>\n<\/div>\n<\/div>\n<\/div>\n<\/div>\n<\/div>\n<\/div>\n<\/div>\n<\/div>\n<div class=\"trans-verified-button-small\" dir=\"ltr\"><\/div>\n<\/div>\n<\/div>\n<\/div>\n<\/div>\n<\/div>\n<\/div>\n<\/div>\n<\/div>\n<\/div>\n<\/form>\n<\/div>\n<\/div>\n<p><a href=\"http:\/\/www.guinea-ecuatorial.de\/wp-content\/uploads\/2016\/07\/tourismmap.gif\"><img loading=\"lazy\" decoding=\"async\" class=\"aligncenter wp-image-699 size-full\" src=\"http:\/\/www.guinea-ecuatorial.de\/wp-content\/uploads\/2016\/07\/tourismmap.gif\" alt=\"tourismmap\" width=\"604\" height=\"350\" \/><\/a><\/p>\n<div id=\"gt-c\" class=\"g-section\">\n<div id=\"gt-form-c\">\n<form id=\"gt-form\" action=\"\/\" enctype=\"application\/x-www-form-urlencoded\" method=\"post\" name=\"text_form\">\n<div id=\"gt-text-all\">\n<div id=\"gt-main\">\n<div id=\"gt-text-c\">\n<div id=\"gt-text-top\">\n<div id=\"gt-res-c\" class=\"g-unit\">\n<div id=\"gt-res-p\">\n<div id=\"gt-res-data\">\n<div id=\"gt-res-wrap\">\n<div id=\"gt-res-content\">\n<div id=\"gt-res-dir-ctr\" class=\"trans-verified-button-small\" dir=\"ltr\" style=\"text-align: justify;\"><span id=\"result_box\" lang=\"de\" tabindex=\"-1\">Aber wenn es Str\u00e4nde sind, was Sie suchen, dann wird Ihr Ziel die entfernte Insel Corisco sein, wo man sch\u00f6ne einsame Str\u00e4nde mit wei\u00dfen Sand finden.<\/span><\/div>\n<div dir=\"ltr\"><\/div>\n<\/div>\n<\/div>\n<\/div>\n<\/div>\n<\/div>\n<\/div>\n<\/div>\n<\/div>\n<\/div>\n<\/form>\n<\/div>\n<\/div>\n<div id=\"gt-c\" class=\"g-section\">\n<div id=\"gt-form-c\">\n<form id=\"gt-form\" action=\"\/\" enctype=\"application\/x-www-form-urlencoded\" method=\"post\" name=\"text_form\">\n<div id=\"gt-text-all\">\n<div id=\"gt-main\">\n<div id=\"gt-text-c\">\n<div id=\"gt-text-top\">\n<div id=\"gt-res-c\" class=\"g-unit\">\n<div id=\"gt-res-p\">\n<div id=\"gt-res-data\">\n<div id=\"gt-res-wrap\">\n<div id=\"gt-res-content\">\n<h2 id=\"gt-res-dir-ctr\" class=\"trans-verified-button-small\" dir=\"ltr\"><strong><span id=\"result_box\" lang=\"de\" tabindex=\"-1\">Wie Sie sehen k\u00f6nnen, bietet \u00c4quatorialguinea Attraktionen f\u00fcr jeden Geschmack.<\/span><\/strong><\/h2>\n<\/div>\n<\/div>\n<\/div>\n<\/div>\n<\/div>\n<\/div>\n<\/div>\n<\/div>\n<\/div>\n<\/form>\n<\/div>\n<\/div>\n<p><a href=\"http:\/\/www.guinea-ecuatorial.de\/wp-content\/uploads\/2016\/07\/corisco1s.jpg\"><img loading=\"lazy\" decoding=\"async\" class=\"aligncenter wp-image-698 size-full\" src=\"http:\/\/www.guinea-ecuatorial.de\/wp-content\/uploads\/2016\/07\/corisco1s.jpg\" alt=\"corisco1s\" width=\"800\" height=\"600\" srcset=\"https:\/\/www.guinea-ecuatorial.de\/wp-content\/uploads\/2016\/07\/corisco1s.jpg 800w, https:\/\/www.guinea-ecuatorial.de\/wp-content\/uploads\/2016\/07\/corisco1s-300x225.jpg 300w, https:\/\/www.guinea-ecuatorial.de\/wp-content\/uploads\/2016\/07\/corisco1s-768x576.jpg 768w\" sizes=\"(max-width: 800px) 100vw, 800px\" \/><\/a><\/p>\n<div id=\"gt-c\" class=\"g-section\">\n<div id=\"gt-form-c\">\n<form id=\"gt-form\" action=\"\/\" enctype=\"application\/x-www-form-urlencoded\" method=\"post\" name=\"text_form\">\n<div id=\"gt-text-all\">\n<div id=\"gt-main\">\n<div id=\"gt-text-c\">\n<div id=\"gt-text-top\">\n<div id=\"gt-res-c\" class=\"g-unit\">\n<div id=\"gt-res-p\">\n<div id=\"gt-res-data\">\n<div id=\"gt-res-wrap\">\n<div id=\"gt-res-content\">\n<div id=\"gt-res-dir-ctr\" class=\"trans-verified-button-small\" dir=\"ltr\" style=\"text-align: justify;\"><span id=\"result_box\" lang=\"de\" tabindex=\"-1\">Es ist erw\u00e4hnenswert, dass die Regierung von \u00c4quatorialguinea in diesem Jahr 2016, die Entwicklung des Tourismus <\/span><span id=\"result_box\" lang=\"de\" tabindex=\"-1\">auf ein hohes Niveau <\/span><span id=\"result_box\" lang=\"de\" tabindex=\"-1\">priorisiert hat, so dass<\/span><span id=\"result_box\" lang=\"de\" tabindex=\"-1\"> Touristen einen hohen Standard geniesen k\u00f6nnen wie z.B. die Luxus-Resorts wie das Hotel Sofitel in Malabo Sipopo. \u00c4hnliche Hotelprojekte, immer unter Einhaltung von Umweltvorschriften sind im Bau in Mongomo und den Annobon Inseln und Corisco.<\/span><\/div>\n<div dir=\"ltr\">\n<div style=\"width: 474px;\" class=\"wp-video\"><video class=\"wp-video-shortcode\" id=\"video-806-2\" width=\"474\" height=\"273\" preload=\"metadata\" controls=\"controls\"><source type=\"video\/mp4\" src=\"http:\/\/www.guinea-ecuatorial.de\/wp-content\/uploads\/2018\/02\/20180201_Turismo_GQ.mp4?_=2\" \/><a href=\"http:\/\/www.guinea-ecuatorial.de\/wp-content\/uploads\/2018\/02\/20180201_Turismo_GQ.mp4\">http:\/\/www.guinea-ecuatorial.de\/wp-content\/uploads\/2018\/02\/20180201_Turismo_GQ.mp4<\/a><\/video><\/div>\n<\/div>\n<\/div>\n<\/div>\n<\/div>\n<\/div>\n<\/div>\n<\/div>\n<\/div>\n<\/div>\n<\/div>\n<\/form>\n<\/div>\n<\/div>\n<h3><u>Hotels<\/u><\/h3>\n<h4><strong><u>Malabo<\/u><\/strong><\/h4>\n<p>National Hotel Angue Ondo<br \/>\n<a href=\"http:\/\/www.guinea-ecuatorial.de\/wp-content\/uploads\/2018\/01\/20180111_HotelAngueOndo.jpg\"><img loading=\"lazy\" decoding=\"async\" class=\"aligncenter wp-image-951 size-full\" src=\"http:\/\/www.guinea-ecuatorial.de\/wp-content\/uploads\/2018\/01\/20180111_HotelAngueOndo.jpg\" alt=\"\" width=\"1200\" height=\"801\" srcset=\"https:\/\/www.guinea-ecuatorial.de\/wp-content\/uploads\/2018\/01\/20180111_HotelAngueOndo.jpg 1200w, https:\/\/www.guinea-ecuatorial.de\/wp-content\/uploads\/2018\/01\/20180111_HotelAngueOndo-300x200.jpg 300w, https:\/\/www.guinea-ecuatorial.de\/wp-content\/uploads\/2018\/01\/20180111_HotelAngueOndo-768x513.jpg 768w, https:\/\/www.guinea-ecuatorial.de\/wp-content\/uploads\/2018\/01\/20180111_HotelAngueOndo-1024x684.jpg 1024w\" sizes=\"(max-width: 1200px) 100vw, 1200px\" \/><\/a><\/p>\n<p>Ctra. del Aeropuerto, km. 4<br \/>\nMalabo &#8211; Rep\u00fablica de Guinea Ecuatorial<br \/>\nTel.: (+240) 333 099 441<br \/>\nTel.: (+240) 333 099 442<br \/>\nFax.: (+240) 333 099 443<br \/>\n<a href=\"http:\/\/www.hotelangueondo.com\">www.hotelangueondo.com<\/a><br \/>\n<a href=\"mailto:info@hotelangueondo.com\">info@hotelangueondo.com<\/a><\/p>\n<p>Hilton Hotel<br \/>\n+240 333096811<\/p>\n<p>Sofitel Palacio Presidencial<br \/>\n+240 333099940<\/p>\n<p>Sofitel Malabo Sipopo Le Golf<br \/>\n+240 350091010<\/p>\n<p>Mango Suites (Hotel Boutique)<br \/>\n+240 333 096 333<\/p>\n<p>Ibis<br \/>\n+240 333098965<\/p>\n<p>Bah\u00eda II<br \/>\n+240 333093121<\/p>\n<p>El Castillo<br \/>\n+240 551980273<\/p>\n<p>Hotel Impala<br \/>\n+240 333092492<\/p>\n<p>Hotel Stella<br \/>\n+240 333098052<\/p>\n<p>Hotel Ureca<br \/>\n+240 333093319<\/p>\n<p>Hotel Bantu<br \/>\n+240 333093581<\/p>\n<p>Hotel Para\u00edso<br \/>\n+240 333098804<\/p>\n<p>Hotel Nely<br \/>\n+240 333092090<\/p>\n<h4><strong><u>Bata<\/u><\/strong><\/h4>\n<p>Hotel Panafrica<br \/>\n+240 333083239<\/p>\n<p>Ibis<br \/>\n+240 333088157<\/p>\n<p>Hotel Cosmos<br \/>\n+240 333088157<\/p>\n<p>Hotel Plaza\u00a0(Plaza de la Libertad)<br \/>\n+240 333 084 726<\/p>\n<p>Hotel Gabriel\u00a0(Ngolo)<br \/>\n+240 333 083 239<\/p>\n<p>Hotel\u00a0Yessika<br \/>\n+240 333083974<\/p>\n<p>Hotel\u00a0Nnang\u00a0Afang<br \/>\n+240 333082582<\/p>\n<p>Hotel\u00a0Rondo<br \/>\n+240 333082281<\/p>\n<h4><strong><u>Mongomo<\/u><\/strong><\/h4>\n<p>Hotel \u00a0Mongomo<br \/>\n+240 333070205<\/p>\n<h4><strong><u>Ebibeyin<\/u><\/strong><\/h4>\n<p>Hotel Inmaculada<br \/>\n+240 666222132<\/p>\n<h4><strong><u>Annob\u00f3n<\/u><\/strong><\/h4>\n<p>Hotel \u00a0Annob\u00f3n<br \/>\n<a href=\"mailto:info@hotelannobon.com\">info@hotelannobon.com<\/a><\/p>\n<h4><strong><u>Mbini<\/u><\/strong><\/h4>\n<p>Complejo Turistico Amanecer de Mbini<br \/>\n+240 222 275549<\/p>\n<\/div>\n<\/div>\n<\/div>\n<\/div>\n<\/div>\n<p><\/p>","protected":false},"excerpt":{"rendered":"<p>Besuche \u00c4quatorialguinea, eines der kleinsten aber zugleich gr\u00fcnes und sch\u00f6nsten Land Afrikas. \u00c4quatorialguinea besteht aus den Inseln Bioko, Annob\u00f3n, die kleinen Inseln Corrisco, Elobey und der Festland Region Rio Muni. Sowohl auf den Inseln als auf dem Festland bietet dieses Land abwechslungsreiche Landschaften, die von malerischen Str\u00e4nden bis hin zu spektakul\u00e4ren Regenwald reichen. F\u00fcr diejenigen, &hellip; <a href=\"https:\/\/www.guinea-ecuatorial.de\/de\/turismo\/\" class=\"more-link\"><span class=\"screen-reader-text\">Tourismus<\/span> weiterlesen <span class=\"meta-nav\">&rarr;<\/span><\/a><\/p>\n","protected":false},"author":1,"featured_media":0,"parent":0,"menu_order":0,"comment_status":"closed","ping_status":"closed","template":"","meta":{"footnotes":""},"_links":{"self":[{"href":"https:\/\/www.guinea-ecuatorial.de\/de\/wp-json\/wp\/v2\/pages\/806"}],"collection":[{"href":"https:\/\/www.guinea-ecuatorial.de\/de\/wp-json\/wp\/v2\/pages"}],"about":[{"href":"https:\/\/www.guinea-ecuatorial.de\/de\/wp-json\/wp\/v2\/types\/page"}],"author":[{"embeddable":true,"href":"https:\/\/www.guinea-ecuatorial.de\/de\/wp-json\/wp\/v2\/users\/1"}],"replies":[{"embeddable":true,"href":"https:\/\/www.guinea-ecuatorial.de\/de\/wp-json\/wp\/v2\/comments?post=806"}],"version-history":[{"count":11,"href":"https:\/\/www.guinea-ecuatorial.de\/de\/wp-json\/wp\/v2\/pages\/806\/revisions"}],"predecessor-version":[{"id":1082,"href":"https:\/\/www.guinea-ecuatorial.de\/de\/wp-json\/wp\/v2\/pages\/806\/revisions\/1082"}],"wp:attachment":[{"href":"https:\/\/www.guinea-ecuatorial.de\/de\/wp-json\/wp\/v2\/media?parent=806"}],"curies":[{"name":"wp","href":"https:\/\/api.w.org\/{rel}","templated":true}]}}