{"id":377,"date":"2014-08-03T21:54:35","date_gmt":"2014-08-03T20:54:35","guid":{"rendered":"http:\/\/www.botschaft-aequatorialguinea.de\/?page_id=377"},"modified":"2021-10-15T02:16:05","modified_gmt":"2021-10-15T01:16:05","slug":"segundo-secretario","status":"publish","type":"page","link":"https:\/\/www.guinea-ecuatorial.de\/de\/embassy\/segundo-secretario\/","title":{"rendered":"Zweiter Sekret\u00e4r"},"content":{"rendered":"<div class=\"twitter-share\"><a href=\"https:\/\/twitter.com\/intent\/tweet?via=GuineaAlemania\" class=\"twitter-share-button\" data-size=\"large\">Twittern<\/a><\/div>\n<p><img loading=\"lazy\" decoding=\"async\" class=\"aligncenter wp-image-711 size-full\" src=\"http:\/\/www.guinea-ecuatorial.de\/wp-content\/uploads\/2014\/08\/WP_20160810_13_25_38_Rich.jpg\" alt=\"WP_20160810_13_25_38_Rich\" width=\"900\" height=\"1200\" srcset=\"https:\/\/www.guinea-ecuatorial.de\/wp-content\/uploads\/2014\/08\/WP_20160810_13_25_38_Rich.jpg 900w, https:\/\/www.guinea-ecuatorial.de\/wp-content\/uploads\/2014\/08\/WP_20160810_13_25_38_Rich-225x300.jpg 225w, https:\/\/www.guinea-ecuatorial.de\/wp-content\/uploads\/2014\/08\/WP_20160810_13_25_38_Rich-768x1024.jpg 768w\" sizes=\"(max-width: 900px) 100vw, 900px\" \/><\/p>\n<p>Hon. Herr Juan Ondo Micha<\/p>\n<p>Der Hon. Herr Juan Ondo Micha, ist seit dem 25. Januar 2016 als zweiter Sekret\u00e4r der Botschaft von \u00c4quatorialguinea in Berlin, Deutschland benannt.<\/p>\n<p>Der zweite Sekret\u00e4r, Juan Micha Ondo, ist ein Karrierediplomat, er hat ein Bachelor f\u00fcr Internationale Beziehungen an der Universit\u00e4t von Pittsburgh Pensyllvania <em> La Roche College<\/em>, USA, 2004.<br \/>\nIm Jahr 2006 begann er seine Karriere im Au\u00dfenministerium in \u00c4quatorialguinea in der allgemeinen Inspektion. Im Jahr 2007 hat er die Position als dritten Sekret\u00e4r der Botschaft von \u00c4quatorialguinea in Addis Abeba, \u00c4thiopien bekleidet. Im Jahr 2011 bekleidete die Position als zweiter Sekret\u00e4r der Botschaft von \u00c4quatorialguinea in Pretoria, S\u00fcdafrika.<\/p>","protected":false},"excerpt":{"rendered":"<p>Hon. Herr Juan Ondo Micha Der Hon. Herr Juan Ondo Micha, ist seit dem 25. Januar 2016 als zweiter Sekret\u00e4r der Botschaft von \u00c4quatorialguinea in Berlin, Deutschland benannt. Der zweite Sekret\u00e4r, Juan Micha Ondo, ist ein Karrierediplomat, er hat ein Bachelor f\u00fcr Internationale Beziehungen an der Universit\u00e4t von Pittsburgh Pensyllvania La Roche College, USA, 2004. &hellip; <a href=\"https:\/\/www.guinea-ecuatorial.de\/de\/embassy\/segundo-secretario\/\" class=\"more-link\"><span class=\"screen-reader-text\">Zweiter Sekret\u00e4r<\/span> weiterlesen <span class=\"meta-nav\">&rarr;<\/span><\/a><\/p>\n","protected":false},"author":1,"featured_media":0,"parent":12,"menu_order":60,"comment_status":"closed","ping_status":"closed","template":"","meta":{"footnotes":""},"_links":{"self":[{"href":"https:\/\/www.guinea-ecuatorial.de\/de\/wp-json\/wp\/v2\/pages\/377"}],"collection":[{"href":"https:\/\/www.guinea-ecuatorial.de\/de\/wp-json\/wp\/v2\/pages"}],"about":[{"href":"https:\/\/www.guinea-ecuatorial.de\/de\/wp-json\/wp\/v2\/types\/page"}],"author":[{"embeddable":true,"href":"https:\/\/www.guinea-ecuatorial.de\/de\/wp-json\/wp\/v2\/users\/1"}],"replies":[{"embeddable":true,"href":"https:\/\/www.guinea-ecuatorial.de\/de\/wp-json\/wp\/v2\/comments?post=377"}],"version-history":[{"count":8,"href":"https:\/\/www.guinea-ecuatorial.de\/de\/wp-json\/wp\/v2\/pages\/377\/revisions"}],"predecessor-version":[{"id":1080,"href":"https:\/\/www.guinea-ecuatorial.de\/de\/wp-json\/wp\/v2\/pages\/377\/revisions\/1080"}],"up":[{"embeddable":true,"href":"https:\/\/www.guinea-ecuatorial.de\/de\/wp-json\/wp\/v2\/pages\/12"}],"wp:attachment":[{"href":"https:\/\/www.guinea-ecuatorial.de\/de\/wp-json\/wp\/v2\/media?parent=377"}],"curies":[{"name":"wp","href":"https:\/\/api.w.org\/{rel}","templated":true}]}}