{"id":345,"date":"2014-07-28T21:22:03","date_gmt":"2014-07-28T20:22:03","guid":{"rendered":"http:\/\/www.botschaft-aequatorialguinea.de\/?page_id=345"},"modified":"2021-10-11T22:51:20","modified_gmt":"2021-10-11T21:51:20","slug":"consejero","status":"publish","type":"page","link":"https:\/\/www.guinea-ecuatorial.de\/de\/embassy\/consejero\/","title":{"rendered":"Der Botschaftsrat"},"content":{"rendered":"<div class=\"twitter-share\"><a href=\"https:\/\/twitter.com\/intent\/tweet?via=GuineaAlemania\" class=\"twitter-share-button\" data-size=\"large\">Twittern<\/a><\/div>\n<p><a href=\"http:\/\/www.guinea-ecuatorial.de\/wp-content\/uploads\/2018\/11\/WhatsApp-Image-2018-11-29-at-12.46.30-PM.jpeg\"><img loading=\"lazy\" decoding=\"async\" class=\"aligncenter wp-image-1016 size-full\" src=\"http:\/\/www.guinea-ecuatorial.de\/wp-content\/uploads\/2018\/11\/WhatsApp-Image-2018-11-29-at-12.46.30-PM.jpeg\" alt=\"\" width=\"720\" height=\"732\" srcset=\"https:\/\/www.guinea-ecuatorial.de\/wp-content\/uploads\/2018\/11\/WhatsApp-Image-2018-11-29-at-12.46.30-PM.jpeg 720w, https:\/\/www.guinea-ecuatorial.de\/wp-content\/uploads\/2018\/11\/WhatsApp-Image-2018-11-29-at-12.46.30-PM-295x300.jpeg 295w\" sizes=\"(max-width: 720px) 100vw, 720px\" \/><\/a><\/p>\n<h4>Seine Exzellenz Herr Sisinio Eyebe Mbana Makina<\/h4>\n<p>Herr Sisinio Eyebe Mbana Makina, wurde als Botschaftsrat der Botschaft von \u00c4quatorialguinea in Deutschland am 14. M\u00e4rz 2016 berufen.<\/p>\n<p>Der Botschaftsrat Sisinio Eyebe Mbana Makina, ist ein Karrierediplomat, er hat ein Bachelor f\u00fcr moderne europ\u00e4ische Sprachen und Internationale Beziehungen an der Abia State University, Nigeria, 1996, und hat mehrere Regierungspositionen wie Cheff Assistent f\u00fcr Staatsprotokoll 1998, gefolgt von seinem ersten Ziel im Ausland als erster Sekret\u00e4r der Botschaft von \u00c4quatorialguinea in Washington D.C. USA von 2000 bis 2004 und w\u00e4hrend des Zeitraums von 2005 bis 2009 wurde er Gesch\u00e4ftstr\u00e4ger ad interim der Vertr\u00e4tung von \u00c4quatorialguinea an das Amt der Vereinten Nationen und anderen internationalen Organisationen in Genf.<\/p>\n<div id=\"gt-c\" class=\"g-section\">\n<div id=\"gt-form-c\">\n<form id=\"gt-form\" action=\"\/\" enctype=\"application\/x-www-form-urlencoded\" method=\"post\" name=\"text_form\">\n<div id=\"gt-text-all\">\n<div id=\"gt-main\">\n<div id=\"gt-text-c\">\n<div id=\"gt-text-top\">\n<div id=\"gt-res-c\" class=\"g-unit\">\n<div id=\"gt-res-p\">\n<div id=\"gt-res-data\">\n<div id=\"gt-res-wrap\">\n<div id=\"gt-res-content\">\n<div id=\"gt-res-dir-ctr\" class=\"trans-verified-button-small\" dir=\"ltr\"><span id=\"result_box\" lang=\"de\" tabindex=\"-1\">Von 2013 bis 2015 hielt der Botschaftsrat Sisinio Eyebe Mbana Makina, auch die Position des Generaldirektors f\u00fcr konsularische und kulturelle Angelegenheiten im Ministerium f\u00fcr ausw\u00e4rtige Angelegenheiten und Zusammenarbeit von \u00c4quatorialguinea.<\/span><\/div>\n<\/div>\n<\/div>\n<\/div>\n<\/div>\n<\/div>\n<\/div>\n<\/div>\n<\/div>\n<\/div>\n<\/form>\n<\/div>\n<\/div>\n<p><\/p>","protected":false},"excerpt":{"rendered":"<p>Seine Exzellenz Herr Sisinio Eyebe Mbana Makina Herr Sisinio Eyebe Mbana Makina, wurde als Botschaftsrat der Botschaft von \u00c4quatorialguinea in Deutschland am 14. M\u00e4rz 2016 berufen. Der Botschaftsrat Sisinio Eyebe Mbana Makina, ist ein Karrierediplomat, er hat ein Bachelor f\u00fcr moderne europ\u00e4ische Sprachen und Internationale Beziehungen an der Abia State University, Nigeria, 1996, und hat &hellip; <a href=\"https:\/\/www.guinea-ecuatorial.de\/de\/embassy\/consejero\/\" class=\"more-link\"><span class=\"screen-reader-text\">Der Botschaftsrat<\/span> weiterlesen <span class=\"meta-nav\">&rarr;<\/span><\/a><\/p>\n","protected":false},"author":1,"featured_media":0,"parent":12,"menu_order":40,"comment_status":"closed","ping_status":"closed","template":"","meta":{"footnotes":""},"_links":{"self":[{"href":"https:\/\/www.guinea-ecuatorial.de\/de\/wp-json\/wp\/v2\/pages\/345"}],"collection":[{"href":"https:\/\/www.guinea-ecuatorial.de\/de\/wp-json\/wp\/v2\/pages"}],"about":[{"href":"https:\/\/www.guinea-ecuatorial.de\/de\/wp-json\/wp\/v2\/types\/page"}],"author":[{"embeddable":true,"href":"https:\/\/www.guinea-ecuatorial.de\/de\/wp-json\/wp\/v2\/users\/1"}],"replies":[{"embeddable":true,"href":"https:\/\/www.guinea-ecuatorial.de\/de\/wp-json\/wp\/v2\/comments?post=345"}],"version-history":[{"count":7,"href":"https:\/\/www.guinea-ecuatorial.de\/de\/wp-json\/wp\/v2\/pages\/345\/revisions"}],"predecessor-version":[{"id":1075,"href":"https:\/\/www.guinea-ecuatorial.de\/de\/wp-json\/wp\/v2\/pages\/345\/revisions\/1075"}],"up":[{"embeddable":true,"href":"https:\/\/www.guinea-ecuatorial.de\/de\/wp-json\/wp\/v2\/pages\/12"}],"wp:attachment":[{"href":"https:\/\/www.guinea-ecuatorial.de\/de\/wp-json\/wp\/v2\/media?parent=345"}],"curies":[{"name":"wp","href":"https:\/\/api.w.org\/{rel}","templated":true}]}}