{"id":228,"date":"2014-03-16T20:32:50","date_gmt":"2014-03-16T19:32:50","guid":{"rendered":"http:\/\/www.botschaft-aequatorialguinea.de\/?page_id=228"},"modified":"2021-10-11T19:54:59","modified_gmt":"2021-10-11T18:54:59","slug":"visado","status":"publish","type":"page","link":"https:\/\/www.guinea-ecuatorial.de\/de\/espanol-consulado\/visado\/","title":{"rendered":"Visum"},"content":{"rendered":"<div class=\"twitter-share\"><a href=\"https:\/\/twitter.com\/intent\/tweet?via=GuineaAlemania\" class=\"twitter-share-button\" data-size=\"large\">Twittern<\/a><\/div>\n<p><\/p>\n<h2>Visum f\u00fcr \u00c4quatorialguinea<\/h2>\n<p><strong>ERFORDERLICHE UNTERLAGEN F\u00dcR DIE ERTEILUNG EINES VISUMS:<br \/>\n<\/strong><\/p>\n<ul>\n<li>G\u00fcltiger Reisepass<\/li>\n<li>Einladungsschreiben von der einladenden Person oder \u00c4quatoguineanischen Beh\u00f6rde, beglaubigt vom Ministerium f\u00fcr Nationale Sicherheit (Ministerio de Seguridad Nacional)<\/li>\n<li>ein Passbild<\/li>\n<li>Antragsformular (Formular, nur ein Exemplar)<\/li>\n<li>Polizeiliches F\u00fchrungszeugnis (maximal drei Monate alt)<\/li>\n<li><strong>Visum f\u00fcr Ausl\u00e4nder 120,00\u20ac\u00a0<\/strong>(Bearbeitungszeit <strong>ein bis f\u00fcnf Gesch\u00e4ftstage<\/strong>), Voraussetzung vollst\u00e4ndige abgabe der Unterlagen<\/li>\n<li><strong>Visum f\u00fcr <\/strong><strong>\u00c4quatorialguineaner mit <\/strong><strong>deutsche Staatsangeh\u00f6rigkeit, 100,00\u20ac<\/strong> \u00a0(Bearbeitungszeit <strong>ein bis f\u00fcnf Gesch\u00e4ftstage<\/strong>), Voraussetzung vollst\u00e4ndige abgabe der Unterlagen<\/li>\n<li><strong>Alle Zahlungen werden in Bar beglichen<br \/>\n<\/strong><\/li>\n<li><strong>F\u00fcr die R\u00fccksendung der Dokumente in Deutschland:<\/strong> Vorfrankierter Umschlag (als Einschreiben) oder 5,00 EUR in Bar<\/li>\n<li><strong>F\u00fcr die R\u00fccksendung der Dokumente in andere<\/strong><strong> L\u00e4nder:<\/strong> 10,00 EUR in Bar<\/li>\n<\/ul>\n<p>Ab dem 25. April 2016 m\u00fcssen alle Zahlungen f\u00fcr die Visageb\u00fchren in Bar beglichen werden. <strong>Unvollst\u00e4ndige Antr\u00e4ge werden nicht angenommen.<\/strong> <strong>DIE ZAHLUNG DER VISAS WIRD NICHT ERSTATTET.<\/strong><\/p>\n<div id=\"gt-c\" class=\"g-section\">\n<div id=\"gt-form-c\">\n<form id=\"gt-form\" action=\"\/\" enctype=\"application\/x-www-form-urlencoded\" method=\"post\" name=\"text_form\">\n<div id=\"gt-text-all\">\n<div id=\"gt-main\">\n<div id=\"gt-text-c\">\n<div id=\"gt-text-top\">\n<div id=\"gt-res-c\" class=\"g-unit\">\n<div id=\"gt-res-p\">\n<div id=\"gt-res-data\">\n<div id=\"gt-res-wrap\">\n<div id=\"gt-res-content\">\n<div id=\"gt-res-dir-ctr\" class=\"trans-verified-button-small\" dir=\"ltr\"><span id=\"result_box\" lang=\"de\" tabindex=\"-1\">Visa-Antr\u00e4ge werden unter strikter Einhaltung der Vorschriften bearbeitet und genehmigt.<\/span><\/div>\n<\/div>\n<\/div>\n<\/div>\n<\/div>\n<\/div>\n<\/div>\n<\/div>\n<\/div>\n<\/div>\n<\/form>\n<\/div>\n<\/div>\n<div id=\"gt-c\" class=\"g-section\">\n<div id=\"gt-form-c\">\n<form id=\"gt-form\" action=\"\/\" enctype=\"application\/x-www-form-urlencoded\" method=\"post\" name=\"text_form\">\n<div id=\"gt-text-all\">\n<div id=\"gt-main\">\n<div id=\"gt-text-c\">\n<div id=\"gt-text-top\">\n<div id=\"gt-res-c\" class=\"g-unit\">\n<div id=\"gt-res-p\">\n<div id=\"gt-res-data\">\n<div id=\"gt-res-wrap\">\n<div id=\"gt-res-content\">\n<div dir=\"ltr\"><\/div>\n<div id=\"gt-res-dir-ctr\" class=\"trans-verified-button-small\" dir=\"ltr\"><span id=\"result_box\" lang=\"de\" tabindex=\"-1\">Im Falle das ein Visum verweigert wird, bleiben die erg\u00e4nzenden Unterlagen bei der Botschaft. Nur der Reisepass muss abgeholt werden.<\/span><\/div>\n<\/div>\n<\/div>\n<\/div>\n<\/div>\n<\/div>\n<\/div>\n<\/div>\n<\/div>\n<\/div>\n<\/form>\n<\/div>\n<\/div>\n<div id=\"gt-c\" class=\"g-section\">\n<div id=\"gt-form-c\">\n<form id=\"gt-form\" action=\"\/\" enctype=\"application\/x-www-form-urlencoded\" method=\"post\" name=\"text_form\">\n<div id=\"gt-text-all\">\n<div id=\"gt-main\">\n<div id=\"gt-text-c\">\n<div id=\"gt-text-top\">\n<div id=\"gt-res-c\" class=\"g-unit\">\n<div id=\"gt-res-p\">\n<div id=\"gt-res-data\">\n<div id=\"gt-res-wrap\">\n<div id=\"gt-res-content\">\n<div dir=\"ltr\"><\/div>\n<div id=\"gt-res-dir-ctr\" class=\"trans-verified-button-small\" dir=\"ltr\"><strong><span id=\"result_box\" lang=\"de\" tabindex=\"-1\">Die Botschaft beh\u00e4lt sich das Recht vor zus\u00e4tzliche Unterlagen anzufordern und unabh\u00e4ngig von den eingereichten Unterlagen ein Visum zu erteilen oder nicht. Ein Visumantrag ist keine Garantie deren Gew\u00e4hrung.<\/span><\/strong><\/div>\n<\/div>\n<\/div>\n<\/div>\n<\/div>\n<\/div>\n<\/div>\n<\/div>\n<\/div>\n<\/div>\n<\/form>\n<\/div>\n<\/div>\n<div id=\"gt-c\" class=\"g-section\">\n<div id=\"gt-form-c\">\n<form id=\"gt-form\" action=\"\/\" enctype=\"application\/x-www-form-urlencoded\" method=\"post\" name=\"text_form\">\n<div id=\"gt-text-all\">\n<div id=\"gt-main\">\n<div id=\"gt-text-c\">\n<div id=\"gt-text-top\">\n<div id=\"gt-res-c\" class=\"g-unit\">\n<div id=\"gt-res-p\">\n<div id=\"gt-res-data\">\n<div id=\"gt-res-wrap\">\n<div id=\"gt-res-content\">\n<div dir=\"ltr\"><\/div>\n<div id=\"gt-res-dir-ctr\" class=\"trans-verified-button-small\" dir=\"ltr\">\n<div id=\"gt-c\" class=\"g-section\">\n<div id=\"gt-form-c\">\n<div id=\"gt-text-all\">\n<div id=\"gt-main\">\n<div id=\"gt-text-c\">\n<div id=\"gt-text-top\">\n<div id=\"gt-res-c\" class=\"g-unit\">\n<div id=\"gt-res-p\">\n<div id=\"gt-res-data\">\n<div id=\"gt-res-wrap\">\n<div id=\"gt-res-content\">\n<div id=\"gt-res-dir-ctr\" class=\"trans-verified-button-small\" dir=\"ltr\">\n<div id=\"gt-c\" class=\"g-section\">\n<div id=\"gt-form-c\">\n<div id=\"gt-text-all\">\n<div id=\"gt-main\">\n<div id=\"gt-text-c\">\n<div id=\"gt-text-top\">\n<div id=\"gt-res-c\" class=\"g-unit\">\n<div id=\"gt-res-p\">\n<div id=\"gt-res-data\">\n<div id=\"gt-res-wrap\">\n<div id=\"gt-res-content\">\n<div id=\"gt-res-dir-ctr\" class=\"trans-verified-button-small\" dir=\"ltr\"><span id=\"result_box\" lang=\"de\" tabindex=\"-1\">Bewerber aus den folgenden L\u00e4ndern: Deutschland, Tschechien, Polen, die Slowakei, Rum\u00e4nien, Bulgarien, \u00d6sterreich und Lichtenstein k\u00f6nnen die Unterlagen per Einschreiben einreichen. Die Versandkosten m\u00fcssen vom Bewerber beglichen sein. Die Botschaft ist nicht verantwortlich f\u00fcr den Verlust von Dokumenten, in diesem Fall.<\/span><\/div>\n<\/div>\n<\/div>\n<\/div>\n<\/div>\n<\/div>\n<\/div>\n<\/div>\n<\/div>\n<\/div>\n<\/div>\n<\/div>\n<\/div>\n<\/div>\n<\/div>\n<\/div>\n<\/div>\n<\/div>\n<\/div>\n<\/div>\n<\/div>\n<\/div>\n<\/div>\n<\/div>\n<\/div>\n<\/div>\n<\/div>\n<\/div>\n<\/div>\n<\/div>\n<\/div>\n<\/div>\n<\/div>\n<\/div>\n<\/form>\n<\/div>\n<\/div>\n<p><strong>F\u00fcr Reisen mit gewerblichen Absichten im Land<\/strong>, hat d<span id=\"result_box\" lang=\"de\" tabindex=\"-1\">er Antragsteller eine Erkl\u00e4rung \u00fcber das Anfangskapital f\u00fcr diesen Zweck zur Verf\u00fcgung vorzuweisen, das nicht weniger als F.CFAS 10.000.000,00 (15.000,00 Euro) betr\u00e4gt.<\/span><\/p>\n<p><strong>F\u00fcr Aufenthalte mit Besch\u00e4ftigungsabsichten als Arbeitnehmer<\/strong>, <span id=\"result_box\" lang=\"de\" tabindex=\"-1\">Der Antragsteller muss beglaubigte Unterlangen vorweisen das er ein Bankkonto in eines der nationalen Banken besitzt.<\/span><\/p>\n<div id=\"gt-c\" class=\"g-section\">\n<div id=\"gt-form-c\">\n<form id=\"gt-form\" action=\"\/\" enctype=\"application\/x-www-form-urlencoded\" method=\"post\" name=\"text_form\">\n<div id=\"gt-text-all\">\n<div id=\"gt-main\">\n<div id=\"gt-text-c\">\n<div id=\"gt-text-top\">\n<div id=\"gt-res-c\" class=\"g-unit\">\n<div id=\"gt-res-p\">\n<div id=\"gt-res-data\">\n<div id=\"gt-res-wrap\">\n<div id=\"gt-res-content\">\n<div id=\"gt-res-dir-ctr\" class=\"trans-verified-button-small\" dir=\"ltr\"><span id=\"result_box\" lang=\"de\" tabindex=\"-1\"><strong>F\u00fcr Reisen als Tourist<\/strong>, muss der Antragsteller eine <\/span><span id=\"result_box\" lang=\"de\" tabindex=\"-1\">best\u00e4tigte Buchung f\u00fcr <\/span><span id=\"result_box\" lang=\"de\" tabindex=\"-1\">den Hotelaufenthalt im Land vorweisen. Sie ben\u00f6tigen <strong>kein<\/strong> Einladungsschreiben von einer Person oder einer Regierungsbeh\u00f6rde von \u00c4quatorialguinea, das beglaubigt durch das Ministerium f\u00fcr nationale Sicherheit ist.<\/span><\/div>\n<\/div>\n<\/div>\n<\/div>\n<\/div>\n<\/div>\n<\/div>\n<\/div>\n<\/div>\n<\/div>\n<\/form>\n<\/div>\n<\/div>\n<div id=\"gt-c\" class=\"g-section\">\n<div id=\"gt-form-c\">\n<form id=\"gt-form\" action=\"\/\" enctype=\"application\/x-www-form-urlencoded\" method=\"post\" name=\"text_form\">\n<div id=\"gt-text-all\">\n<div id=\"gt-main\">\n<div id=\"gt-text-c\">\n<div id=\"gt-text-top\">\n<div id=\"gt-res-c\" class=\"g-unit\">\n<div id=\"gt-res-p\">\n<div id=\"gt-res-data\">\n<div id=\"gt-res-wrap\">\n<div id=\"gt-res-content\">\n<div dir=\"ltr\"><\/div>\n<div id=\"gt-res-dir-ctr\" class=\"trans-verified-button-small\" dir=\"ltr\"><strong><span id=\"result_box\" lang=\"de\" tabindex=\"-1\">Der Antrag muss mindestens 15 Tage vor dem f\u00fcr die Reise geplanten Datum eingereicht werden.<\/span><\/strong><\/div>\n<\/div>\n<\/div>\n<\/div>\n<\/div>\n<\/div>\n<\/div>\n<\/div>\n<\/div>\n<\/div>\n<\/form>\n<\/div>\n<\/div>\n<p><strong>DOWNLOADS\/ FORMULARE<\/strong><br \/>\n<a title=\"Solicitud de visado\" href=\"http:\/\/www.guinea-ecuatorial.de\/wp-content\/uploads\/2017\/08\/20170817_Visumantrag_GE_DE.pdf\" target=\"_blank\" rel=\"noopener\">Visumantrag<\/a><\/p>","protected":false},"excerpt":{"rendered":"<p>Visum f\u00fcr \u00c4quatorialguinea ERFORDERLICHE UNTERLAGEN F\u00dcR DIE ERTEILUNG EINES VISUMS: G\u00fcltiger Reisepass Einladungsschreiben von der einladenden Person oder \u00c4quatoguineanischen Beh\u00f6rde, beglaubigt vom Ministerium f\u00fcr Nationale Sicherheit (Ministerio de Seguridad Nacional) ein Passbild Antragsformular (Formular, nur ein Exemplar) Polizeiliches F\u00fchrungszeugnis (maximal drei Monate alt) Visum f\u00fcr Ausl\u00e4nder 120,00\u20ac\u00a0(Bearbeitungszeit ein bis f\u00fcnf Gesch\u00e4ftstage), Voraussetzung vollst\u00e4ndige abgabe der &hellip; <a href=\"https:\/\/www.guinea-ecuatorial.de\/de\/espanol-consulado\/visado\/\" class=\"more-link\"><span class=\"screen-reader-text\">Visum<\/span> weiterlesen <span class=\"meta-nav\">&rarr;<\/span><\/a><\/p>\n","protected":false},"author":1,"featured_media":0,"parent":17,"menu_order":30,"comment_status":"closed","ping_status":"closed","template":"","meta":{"footnotes":""},"_links":{"self":[{"href":"https:\/\/www.guinea-ecuatorial.de\/de\/wp-json\/wp\/v2\/pages\/228"}],"collection":[{"href":"https:\/\/www.guinea-ecuatorial.de\/de\/wp-json\/wp\/v2\/pages"}],"about":[{"href":"https:\/\/www.guinea-ecuatorial.de\/de\/wp-json\/wp\/v2\/types\/page"}],"author":[{"embeddable":true,"href":"https:\/\/www.guinea-ecuatorial.de\/de\/wp-json\/wp\/v2\/users\/1"}],"replies":[{"embeddable":true,"href":"https:\/\/www.guinea-ecuatorial.de\/de\/wp-json\/wp\/v2\/comments?post=228"}],"version-history":[{"count":94,"href":"https:\/\/www.guinea-ecuatorial.de\/de\/wp-json\/wp\/v2\/pages\/228\/revisions"}],"predecessor-version":[{"id":1064,"href":"https:\/\/www.guinea-ecuatorial.de\/de\/wp-json\/wp\/v2\/pages\/228\/revisions\/1064"}],"up":[{"embeddable":true,"href":"https:\/\/www.guinea-ecuatorial.de\/de\/wp-json\/wp\/v2\/pages\/17"}],"wp:attachment":[{"href":"https:\/\/www.guinea-ecuatorial.de\/de\/wp-json\/wp\/v2\/media?parent=228"}],"curies":[{"name":"wp","href":"https:\/\/api.w.org\/{rel}","templated":true}]}}